{"id":34,"date":"2020-12-18T06:13:55","date_gmt":"2020-12-18T05:13:55","guid":{"rendered":"https:\/\/pixeljaguar.com\/fr\/?page_id=34"},"modified":"2020-12-24T17:07:19","modified_gmt":"2020-12-24T16:07:19","slug":"accueil","status":"publish","type":"page","link":"https:\/\/pixeljaguar.com\/fr\/","title":{"rendered":"Accueil"},"content":{"rendered":"\n<h2 class=\"wp-block-heading\">acc\u00e9l\u00e9rez votre site !<\/h2>\n\n\n\n<h2 class=\"wp-block-heading\">donnez du style, le v\u00f4tre !<\/h2>\n\n\n\n<figure class=\"wp-block-image alignfull size-full\"><img loading=\"lazy\" decoding=\"async\" width=\"1920\" height=\"1080\" src=\"https:\/\/pixeljaguar.com\/fr\/wp-content\/uploads\/front-logo-graphic-web-design-studio-pixeljaguar-20-by-elj.png\" alt=\"front-logo-graphic-web-design-studio-pixeljaguar-20-by-elj\" class=\"wp-image-180\" srcset=\"https:\/\/pixeljaguar.com\/fr\/wp-content\/uploads\/front-logo-graphic-web-design-studio-pixeljaguar-20-by-elj.png 1920w, https:\/\/pixeljaguar.com\/fr\/wp-content\/uploads\/front-logo-graphic-web-design-studio-pixeljaguar-20-by-elj-300x169.png 300w, https:\/\/pixeljaguar.com\/fr\/wp-content\/uploads\/front-logo-graphic-web-design-studio-pixeljaguar-20-by-elj-1024x576.png 1024w, https:\/\/pixeljaguar.com\/fr\/wp-content\/uploads\/front-logo-graphic-web-design-studio-pixeljaguar-20-by-elj-768x432.png 768w, https:\/\/pixeljaguar.com\/fr\/wp-content\/uploads\/front-logo-graphic-web-design-studio-pixeljaguar-20-by-elj-1536x864.png 1536w, https:\/\/pixeljaguar.com\/fr\/wp-content\/uploads\/front-logo-graphic-web-design-studio-pixeljaguar-20-by-elj-1568x882.png 1568w\" sizes=\"auto, (max-width: 1920px) 100vw, 1920px\" \/><\/figure>\n\n\n\n<p>Bas\u00e9 au Pays de Lorient,<br>en tant que graphiste <strong>web designer<\/strong> pro depuis 2010,<br>r\u00e9dacteur, <strong>blogger<\/strong>, Team Principal <strong>DESIGN[MOTEUR]<\/strong> depuis 2012,<strong>&nbsp;<br>entrepreneur<\/strong> freelance depuis 2013,<br>je mets mes comp\u00e9tences et mon exp\u00e9rience au b\u00e9n\u00e9fice de<br>votre <strong>projet<\/strong>,<br>votre <strong>organisation<\/strong>,<br>votre <strong>business<\/strong>,<br>via mon studio de <strong>cr\u00e9ation de site web<\/strong>,<br>d\u00e9nomm\u00e9 <strong>Pixeljaguar<\/strong>,<br>sp\u00e9cialis\u00e9 <strong>Web Performance<\/strong><\/p>\n\n\n\n<h2 class=\"wp-block-heading\">du premier coup de crayon&#8230;<\/h2>\n\n\n\n<h2 class=\"wp-block-heading\">&#8230;\u00e0 la mise en ligne !<\/h2>\n\n\n\n<p><\/p>\n","protected":false},"excerpt":{"rendered":"<p>acc\u00e9l\u00e9rez votre site ! donnez du style, le v\u00f4tre ! Bas\u00e9 au Pays de Lorient,en tant que graphiste web designer pro depuis 2010,r\u00e9dacteur, blogger, Team Principal DESIGN[MOTEUR] depuis 2012,&nbsp;entrepreneur freelance depuis 2013,je mets mes comp\u00e9tences et mon exp\u00e9rience au b\u00e9n\u00e9fice devotre projet,votre organisation,votre business,via mon studio de cr\u00e9ation de site web,d\u00e9nomm\u00e9 Pixeljaguar,sp\u00e9cialis\u00e9 Web Performance du&hellip; <a class=\"more-link\" href=\"https:\/\/pixeljaguar.com\/fr\/\">Poursuivre la lecture <span class=\"screen-reader-text\">Accueil<\/span><\/a><\/p>\n","protected":false},"author":1,"featured_media":0,"parent":0,"menu_order":0,"comment_status":"closed","ping_status":"closed","template":"","meta":{"footnotes":""},"class_list":["post-34","page","type-page","status-publish","hentry","entry"],"_links":{"self":[{"href":"https:\/\/pixeljaguar.com\/fr\/wp-json\/wp\/v2\/pages\/34","targetHints":{"allow":["GET"]}}],"collection":[{"href":"https:\/\/pixeljaguar.com\/fr\/wp-json\/wp\/v2\/pages"}],"about":[{"href":"https:\/\/pixeljaguar.com\/fr\/wp-json\/wp\/v2\/types\/page"}],"author":[{"embeddable":true,"href":"https:\/\/pixeljaguar.com\/fr\/wp-json\/wp\/v2\/users\/1"}],"replies":[{"embeddable":true,"href":"https:\/\/pixeljaguar.com\/fr\/wp-json\/wp\/v2\/comments?post=34"}],"version-history":[{"count":10,"href":"https:\/\/pixeljaguar.com\/fr\/wp-json\/wp\/v2\/pages\/34\/revisions"}],"predecessor-version":[{"id":209,"href":"https:\/\/pixeljaguar.com\/fr\/wp-json\/wp\/v2\/pages\/34\/revisions\/209"}],"wp:attachment":[{"href":"https:\/\/pixeljaguar.com\/fr\/wp-json\/wp\/v2\/media?parent=34"}],"curies":[{"name":"wp","href":"https:\/\/api.w.org\/{rel}","templated":true}]}}