{"id":102,"date":"2020-12-18T18:39:23","date_gmt":"2020-12-18T17:39:23","guid":{"rendered":"https:\/\/pixeljaguar.com\/fr\/?page_id=102"},"modified":"2020-12-24T17:51:13","modified_gmt":"2020-12-24T16:51:13","slug":"prestations-web-plan-du-site-mise-en-place-referencement","status":"publish","type":"page","link":"https:\/\/pixeljaguar.com\/fr\/prestations-web-plan-du-site-mise-en-place-referencement\/","title":{"rendered":"Prestations Web : plan du site, mise en place, indexation"},"content":{"rendered":"\n<p>Chaque site pr\u00e9par\u00e9 par le studio Pixeljaguar prend en compte la Web performance d\u00e8s l\u2019\u00e9laboration du plan de site jusqu\u2019\u00e0 la mise en ligne du site.<\/p>\n\n\n\n<figure class=\"wp-block-image alignwide size-full\"><img loading=\"lazy\" decoding=\"async\" width=\"1920\" height=\"1080\" src=\"https:\/\/pixeljaguar.com\/fr\/wp-content\/uploads\/front-web-perf-by-design-studio-pixeljaguar-20-by-elj.png\" alt=\"front-web-perf-by-design-studio-pixeljaguar-20-by-elj\" class=\"wp-image-187\" srcset=\"https:\/\/pixeljaguar.com\/fr\/wp-content\/uploads\/front-web-perf-by-design-studio-pixeljaguar-20-by-elj.png 1920w, https:\/\/pixeljaguar.com\/fr\/wp-content\/uploads\/front-web-perf-by-design-studio-pixeljaguar-20-by-elj-300x169.png 300w, https:\/\/pixeljaguar.com\/fr\/wp-content\/uploads\/front-web-perf-by-design-studio-pixeljaguar-20-by-elj-1024x576.png 1024w, https:\/\/pixeljaguar.com\/fr\/wp-content\/uploads\/front-web-perf-by-design-studio-pixeljaguar-20-by-elj-768x432.png 768w, https:\/\/pixeljaguar.com\/fr\/wp-content\/uploads\/front-web-perf-by-design-studio-pixeljaguar-20-by-elj-1536x864.png 1536w, https:\/\/pixeljaguar.com\/fr\/wp-content\/uploads\/front-web-perf-by-design-studio-pixeljaguar-20-by-elj-1568x882.png 1568w\" sizes=\"auto, (max-width: 1920px) 100vw, 1920px\" \/><\/figure>\n\n\n\n<h2 class=\"wp-block-heading\">Prestations Web :<\/h2>\n\n\n\n<ul class=\"wp-block-list\"><li><strong>Nom de Domaine<\/strong> \u2013 sur devis \u2013 (\u00e0 partir de 50 \u20ac \/ an)<\/li><li><strong>H\u00e9bergement Web<\/strong> \u2013 sur devis \u2013 (\u00e0 partir de 80 \u20ac \/ an)<\/li><li><strong>Installation WordPress<\/strong> \u2013 sur devis \u2013 (\u00e0 partir de 90 \u20ac)<\/li><li><strong>R\u00e9f\u00e9rencement naturel<\/strong> \u2013 sur devis \u2013<\/li><li><strong>SEO<\/strong> (<strong>S<\/strong>earch <strong>E<\/strong>ngine <strong>O<\/strong>ptimization) <strong>Performance<\/strong> \u2013 sur devis \u2013<\/li><li><strong>Web Performance<\/strong> (optimisation de site web) \u2013 sur devis \u2013<\/li><\/ul>\n\n\n\n<p>Selon si refonte d\u2019un site existant, alors audit Web basique de l\u2019existant effectu\u00e9 en pr\u00e9alable. Dans tout les cas, votre brief me permet de constituer une proposition d\u2019un devis, gratuit, sans engagement.<\/p>\n\n\n\n<figure class=\"wp-block-embed is-type-wp-embed is-provider-pixeljaguar-studio wp-block-embed-pixeljaguar-studio\"><div class=\"wp-block-embed__wrapper\">\n<blockquote class=\"wp-embedded-content\" data-secret=\"1Vm0UW8zxc\"><a href=\"https:\/\/pixeljaguar.com\/fr\/contact\/\">Contacter le studio Pixeljaguar sp\u00e9cialis\u00e9 Web Performance<\/a><\/blockquote><iframe loading=\"lazy\" class=\"wp-embedded-content\" sandbox=\"allow-scripts\" security=\"restricted\" style=\"position: absolute; clip: rect(1px, 1px, 1px, 1px);\" title=\"\u00ab\u00a0Contacter le studio Pixeljaguar sp\u00e9cialis\u00e9 Web Performance\u00a0\u00bb &#8212; pixeljaguar studio\" src=\"https:\/\/pixeljaguar.com\/fr\/contact\/embed\/#?secret=1Vm0UW8zxc\" data-secret=\"1Vm0UW8zxc\" width=\"600\" height=\"338\" frameborder=\"0\" marginwidth=\"0\" marginheight=\"0\" scrolling=\"no\"><\/iframe>\n<\/div><\/figure>\n","protected":false},"excerpt":{"rendered":"<p>Chaque site pr\u00e9par\u00e9 par le studio Pixeljaguar prend en compte la Web performance d\u00e8s l\u2019\u00e9laboration du plan de site jusqu\u2019\u00e0 la mise en ligne du site. Prestations Web : Nom de Domaine \u2013 sur devis \u2013 (\u00e0 partir de 50 \u20ac \/ an) H\u00e9bergement Web \u2013 sur devis \u2013 (\u00e0 partir de 80 \u20ac \/&hellip; <a class=\"more-link\" href=\"https:\/\/pixeljaguar.com\/fr\/prestations-web-plan-du-site-mise-en-place-referencement\/\">Poursuivre la lecture <span class=\"screen-reader-text\">Prestations Web : plan du site, mise en place, indexation<\/span><\/a><\/p>\n","protected":false},"author":1,"featured_media":0,"parent":0,"menu_order":0,"comment_status":"closed","ping_status":"closed","template":"","meta":{"footnotes":""},"class_list":["post-102","page","type-page","status-publish","hentry","entry"],"_links":{"self":[{"href":"https:\/\/pixeljaguar.com\/fr\/wp-json\/wp\/v2\/pages\/102","targetHints":{"allow":["GET"]}}],"collection":[{"href":"https:\/\/pixeljaguar.com\/fr\/wp-json\/wp\/v2\/pages"}],"about":[{"href":"https:\/\/pixeljaguar.com\/fr\/wp-json\/wp\/v2\/types\/page"}],"author":[{"embeddable":true,"href":"https:\/\/pixeljaguar.com\/fr\/wp-json\/wp\/v2\/users\/1"}],"replies":[{"embeddable":true,"href":"https:\/\/pixeljaguar.com\/fr\/wp-json\/wp\/v2\/comments?post=102"}],"version-history":[{"count":9,"href":"https:\/\/pixeljaguar.com\/fr\/wp-json\/wp\/v2\/pages\/102\/revisions"}],"predecessor-version":[{"id":239,"href":"https:\/\/pixeljaguar.com\/fr\/wp-json\/wp\/v2\/pages\/102\/revisions\/239"}],"wp:attachment":[{"href":"https:\/\/pixeljaguar.com\/fr\/wp-json\/wp\/v2\/media?parent=102"}],"curies":[{"name":"wp","href":"https:\/\/api.w.org\/{rel}","templated":true}]}}